{"id":120010,"date":"2019-07-18T13:16:31","date_gmt":"2019-07-18T11:16:31","guid":{"rendered":"http:\/\/saludyley.com\/?page_id=120010"},"modified":"2021-02-24T23:19:05","modified_gmt":"2021-02-24T22:19:05","slug":"home-page","status":"publish","type":"page","link":"https:\/\/saludyley.com\/","title":{"rendered":"Inicio"},"content":{"rendered":"<p>[et_pb_section fb_built=\u00bb1&#8243; fullwidth=\u00bbon\u00bb admin_label=\u00bbHero\u00bb _builder_version=\u00bb4.9.0&#8243; background_image=\u00bbhttps:\/\/saludyley.com\/wp-content\/uploads\/2021\/02\/medico-malapraxis-abogado.jpg\u00bb background_size=\u00bbcontain\u00bb][et_pb_fullwidth_header title=\u00bbSalud y Ley\u00a0 \u00a0 \u00a0 \u00a0\u00a0\u00bb subhead=\u00bbM\u00e9dico &#038; Abogado | Especialistas en Negligencias | Valoraciones y Peritajes Judiciales\u00a0\u00bb button_one_text=\u00bbReserva tu consulta gratis\u00bb button_one_url=\u00bbhttps:\/\/saludyley.com\/index.php\/contacto\u00bb button_two_text=\u00bbSobre nosotros\u00bb button_two_url=\u00bbhttps:\/\/saludyley.com\/index.php\/negligencias-medicas\u00bb content_max_width=\u00bb700px\u00bb _builder_version=\u00bb4.9.0&#8243; title_font=\u00bbPlayfair Display|700|||||||\u00bb title_font_size=\u00bb70px\u00bb title_line_height=\u00bb1.5em\u00bb content_font=\u00bb||||||||\u00bb content_font_size=\u00bb20px\u00bb content_line_height=\u00bb1.8em\u00bb subhead_font=\u00bbLato|700|||||||\u00bb subhead_font_size=\u00bb30px\u00bb subhead_line_height=\u00bb1.8em\u00bb background_color=\u00bbrgba(0,0,0,0)\u00bb use_background_color_gradient=\u00bbon\u00bb background_color_gradient_start=\u00bbrgba(53,80,160,0.27)\u00bb background_color_gradient_end=\u00bb#3550a0&#8243; background_color_gradient_direction=\u00bb220deg\u00bb background_color_gradient_overlays_image=\u00bbon\u00bb custom_button_one=\u00bbon\u00bb button_one_text_size=\u00bb16px\u00bb button_one_text_color=\u00bb#3550a0&#8243; button_one_bg_color=\u00bb#ffffff\u00bb button_one_border_width=\u00bb10px\u00bb button_one_border_color=\u00bbrgba(210,159,104,0)\u00bb button_one_border_radius=\u00bb100px\u00bb button_one_font=\u00bbLato|900|||||||\u00bb button_one_use_icon=\u00bboff\u00bb custom_button_two=\u00bbon\u00bb button_two_text_size=\u00bb16px\u00bb button_two_text_color=\u00bb#ffffff\u00bb button_two_bg_color=\u00bbrgba(255,255,255,0.15)\u00bb button_two_border_width=\u00bb10px\u00bb button_two_border_color=\u00bbrgba(210,159,104,0)\u00bb button_two_border_radius=\u00bb100px\u00bb button_two_font=\u00bbLato|900|||||||\u00bb button_two_use_icon=\u00bboff\u00bb custom_margin=\u00bb|||\u00bb custom_padding=\u00bb10vw||10vw||false\u00bb custom_padding_tablet=\u00bb20vw||20vw||true\u00bb custom_padding_phone=\u00bb20vw||20vw||true\u00bb custom_padding_last_edited=\u00bbon|desktop\u00bb title_font_size_tablet=\u00bb50px\u00bb title_font_size_phone=\u00bb32px\u00bb title_font_size_last_edited=\u00bbon|tablet\u00bb button_one_text_color_hover=\u00bb#3550a0&#8243; button_two_text_color_hover=\u00bb#ffffff\u00bb button_one_bg_color_hover=\u00bbrgba(255,255,255,0.8)\u00bb button_two_bg_color_hover=\u00bbrgba(255,255,255,0.3)\u00bb button_one_text_size__hover_enabled=\u00bboff\u00bb button_two_text_size__hover_enabled=\u00bboff\u00bb button_one_text_color__hover_enabled=\u00bbon\u00bb button_one_text_color__hover=\u00bb#3550a0&#8243; button_two_text_color__hover_enabled=\u00bbon\u00bb button_two_text_color__hover=\u00bb#ffffff\u00bb button_one_border_width__hover_enabled=\u00bboff\u00bb button_two_border_width__hover_enabled=\u00bboff\u00bb button_one_border_color__hover_enabled=\u00bboff\u00bb button_two_border_color__hover_enabled=\u00bboff\u00bb button_one_border_radius__hover_enabled=\u00bboff\u00bb button_two_border_radius__hover_enabled=\u00bboff\u00bb button_one_letter_spacing__hover_enabled=\u00bboff\u00bb button_two_letter_spacing__hover_enabled=\u00bboff\u00bb button_one_bg_color__hover_enabled=\u00bbon\u00bb button_one_bg_color__hover=\u00bbrgba(255,255,255,0.8)\u00bb button_two_bg_color__hover_enabled=\u00bbon\u00bb button_two_bg_color__hover=\u00bbrgba(255,255,255,0.3)\u00bb][\/et_pb_fullwidth_header][\/et_pb_section][et_pb_section fb_built=\u00bb1&#8243; disabled_on=\u00bboff|off|off\u00bb admin_label=\u00bbCall to Action\u00bb _builder_version=\u00bb3.22&#8243;][et_pb_row _builder_version=\u00bb3.25&#8243; hover_enabled=\u00bb0&#8243; sticky_enabled=\u00bb0&#8243;][et_pb_column type=\u00bb4_4&#8243; _builder_version=\u00bb3.25&#8243; custom_padding=\u00bb|||\u00bb custom_padding__hover=\u00bb|||\u00bb][et_pb_cta title=\u00bb\u00bfCrees que has podido ser v\u00edctima de una negligencia m\u00e9dica? Cont\u00e1cte con nosotros y resuelve tus dudas en tu consulta gratis. \u00bb button_url=\u00bbhttps:\/\/saludyley.com\/index.php\/contacto\u00bb button_text=\u00bbHaz Tu Consulta\u00bb _builder_version=\u00bb4.9.0&#8243; header_font=\u00bbPlayfair Display|700|||||||\u00bb header_font_size=\u00bb40px\u00bb header_line_height=\u00bb1.5em\u00bb body_font=\u00bb||||||||\u00bb use_background_color=\u00bboff\u00bb custom_button=\u00bbon\u00bb button_text_size=\u00bb16px\u00bb button_text_color=\u00bb#ffffff\u00bb button_bg_color=\u00bb#3550a0&#8243; button_border_width=\u00bb10px\u00bb button_border_color=\u00bbrgba(210,159,104,0)\u00bb button_border_radius=\u00bb100px\u00bb button_font=\u00bbLato|900|||||||\u00bb button_use_icon=\u00bboff\u00bb text_orientation=\u00bbleft\u00bb background_layout=\u00bblight\u00bb max_width=\u00bb800px\u00bb max_width_last_edited=\u00bboff|desktop\u00bb custom_margin=\u00bb|||\u00bb custom_padding=\u00bb|||\u00bb hover_enabled=\u00bb0&#8243; header_font_size_tablet=\u00bb30px\u00bb header_font_size_phone=\u00bb24px\u00bb header_font_size_last_edited=\u00bbon|tablet\u00bb button_bg_color_hover=\u00bb#4159a0&#8243; button_text_size__hover_enabled=\u00bboff\u00bb button_one_text_size__hover_enabled=\u00bboff\u00bb button_two_text_size__hover_enabled=\u00bboff\u00bb button_text_color__hover_enabled=\u00bboff\u00bb button_one_text_color__hover_enabled=\u00bboff\u00bb button_two_text_color__hover_enabled=\u00bboff\u00bb button_border_width__hover_enabled=\u00bboff\u00bb button_one_border_width__hover_enabled=\u00bboff\u00bb button_two_border_width__hover_enabled=\u00bboff\u00bb button_border_color__hover_enabled=\u00bboff\u00bb button_one_border_color__hover_enabled=\u00bboff\u00bb button_two_border_color__hover_enabled=\u00bboff\u00bb button_border_radius__hover_enabled=\u00bboff\u00bb button_one_border_radius__hover_enabled=\u00bboff\u00bb button_two_border_radius__hover_enabled=\u00bboff\u00bb button_letter_spacing__hover_enabled=\u00bboff\u00bb button_one_letter_spacing__hover_enabled=\u00bboff\u00bb button_two_letter_spacing__hover_enabled=\u00bboff\u00bb button_bg_color__hover_enabled=\u00bbon\u00bb button_bg_color__hover=\u00bb#4159a0&#8243; button_one_bg_color__hover_enabled=\u00bboff\u00bb button_two_bg_color__hover_enabled=\u00bboff\u00bb sticky_enabled=\u00bb0&#8243;][\/et_pb_cta][\/et_pb_column][\/et_pb_row][\/et_pb_section][et_pb_section fb_built=\u00bb1&#8243; admin_label=\u00bbServices\u00bb _builder_version=\u00bb3.22&#8243;][et_pb_row custom_padding_last_edited=\u00bboff|desktop\u00bb _builder_version=\u00bb4.9.0&#8243; background_image=\u00bbhttps:\/\/saludyley.com\/wp-content\/uploads\/2021\/02\/business-coach-017.jpg\u00bb module_alignment=\u00bbright\u00bb custom_margin=\u00bb||60px|\u00bb custom_padding=\u00bb0|0px|110px|0px|false|false\u00bb animation_style=\u00bbslide\u00bb animation_direction=\u00bbright\u00bb animation_intensity_slide=\u00bb1%\u00bb box_shadow_style=\u00bbpreset3&#8243; box_shadow_vertical=\u00bb100px\u00bb box_shadow_blur=\u00bb100px\u00bb box_shadow_spread=\u00bb-60px\u00bb custom_width_px=\u00bb1000px\u00bb][et_pb_column type=\u00bb4_4&#8243; _builder_version=\u00bb3.25&#8243; custom_padding=\u00bb|||\u00bb custom_padding__hover=\u00bb|||\u00bb][et_pb_cta title=\u00bbSomos expertos en valoraciones y pericia sobre salud y negligencias m\u00e9dicas\u00bb button_url=\u00bbhttps:\/\/saludyley.com\/index.php\/contacto\u00bb button_text=\u00bbQuiero tener una valoraci\u00f3n personalizada\u00bb admin_label=\u00bbCTA\u00bb _builder_version=\u00bb4.9.0&#8243; header_font=\u00bbPlayfair Display|700|||||||\u00bb header_font_size=\u00bb40px\u00bb header_line_height=\u00bb1.5em\u00bb body_font=\u00bb||||||||\u00bb background_color=\u00bb#3550a0&#8243; custom_button=\u00bbon\u00bb button_text_size=\u00bb16px\u00bb button_text_color=\u00bb#ffffff\u00bb button_bg_color=\u00bbrgba(255,255,255,0.1)\u00bb button_border_width=\u00bb10px\u00bb button_border_color=\u00bbrgba(210,159,104,0)\u00bb button_border_radius=\u00bb100px\u00bb button_font=\u00bbLato|900|||||||\u00bb button_use_icon=\u00bboff\u00bb text_orientation=\u00bbleft\u00bb max_width=\u00bb560px\u00bb max_width_last_edited=\u00bboff|desktop\u00bb module_alignment=\u00bbleft\u00bb custom_margin=\u00bb||0px|\u00bb custom_padding=\u00bb60px||60px|\u00bb hover_enabled=\u00bb0&#8243; header_font_size_tablet=\u00bb30px\u00bb header_font_size_phone=\u00bb24px\u00bb header_font_size_last_edited=\u00bbon|phone\u00bb button_text_color_hover=\u00bb#3550a0&#8243; button_bg_color_hover=\u00bb#ffffff\u00bb button_text_size__hover_enabled=\u00bboff\u00bb button_one_text_size__hover_enabled=\u00bboff\u00bb button_two_text_size__hover_enabled=\u00bboff\u00bb button_text_color__hover_enabled=\u00bbon\u00bb button_text_color__hover=\u00bb#3550a0&#8243; button_one_text_color__hover_enabled=\u00bboff\u00bb button_two_text_color__hover_enabled=\u00bboff\u00bb button_border_width__hover_enabled=\u00bboff\u00bb button_one_border_width__hover_enabled=\u00bboff\u00bb button_two_border_width__hover_enabled=\u00bboff\u00bb button_border_color__hover_enabled=\u00bboff\u00bb button_one_border_color__hover_enabled=\u00bboff\u00bb button_two_border_color__hover_enabled=\u00bboff\u00bb button_border_radius__hover_enabled=\u00bboff\u00bb button_one_border_radius__hover_enabled=\u00bboff\u00bb button_two_border_radius__hover_enabled=\u00bboff\u00bb button_letter_spacing__hover_enabled=\u00bboff\u00bb button_one_letter_spacing__hover_enabled=\u00bboff\u00bb button_two_letter_spacing__hover_enabled=\u00bboff\u00bb button_bg_color__hover_enabled=\u00bbon\u00bb button_bg_color__hover=\u00bb#ffffff\u00bb button_one_bg_color__hover_enabled=\u00bboff\u00bb button_two_bg_color__hover_enabled=\u00bboff\u00bb sticky_enabled=\u00bb0&#8243;][\/et_pb_cta][\/et_pb_column][\/et_pb_row][\/et_pb_section]<\/p>\n","protected":false},"excerpt":{"rendered":"<p>[et_pb_section fb_built=\u00bb1&#8243; fullwidth=\u00bbon\u00bb admin_label=\u00bbHero\u00bb _builder_version=\u00bb4.9.0&#8243; background_image=\u00bbhttps:\/\/saludyley.com\/wp-content\/uploads\/2021\/02\/medico-malapraxis-abogado.jpg\u00bb background_size=\u00bbcontain\u00bb][et_pb_fullwidth_header title=\u00bbSalud y Ley\u00a0 \u00a0 \u00a0 \u00a0\u00a0\u00bb subhead=\u00bbM\u00e9dico &#038; Abogado | Especialistas en Negligencias | Valoraciones y Peritajes Judiciales\u00a0\u00bb button_one_text=\u00bbReserva tu consulta gratis\u00bb button_one_url=\u00bbhttps:\/\/saludyley.com\/index.php\/contacto\u00bb button_two_text=\u00bbSobre nosotros\u00bb button_two_url=\u00bbhttps:\/\/saludyley.com\/index.php\/negligencias-medicas\u00bb content_max_width=\u00bb700px\u00bb _builder_version=\u00bb4.9.0&#8243; title_font=\u00bbPlayfair Display|700|||||||\u00bb title_font_size=\u00bb70px\u00bb title_line_height=\u00bb1.5em\u00bb content_font=\u00bb||||||||\u00bb content_font_size=\u00bb20px\u00bb content_line_height=\u00bb1.8em\u00bb subhead_font=\u00bbLato|700|||||||\u00bb subhead_font_size=\u00bb30px\u00bb subhead_line_height=\u00bb1.8em\u00bb background_color=\u00bbrgba(0,0,0,0)\u00bb use_background_color_gradient=\u00bbon\u00bb background_color_gradient_start=\u00bbrgba(53,80,160,0.27)\u00bb background_color_gradient_end=\u00bb#3550a0&#8243; background_color_gradient_direction=\u00bb220deg\u00bb background_color_gradient_overlays_image=\u00bbon\u00bb custom_button_one=\u00bbon\u00bb button_one_text_size=\u00bb16px\u00bb button_one_text_color=\u00bb#3550a0&#8243; button_one_bg_color=\u00bb#ffffff\u00bb [&hellip;]<\/p>\n","protected":false},"author":1,"featured_media":0,"parent":0,"menu_order":0,"comment_status":"closed","ping_status":"closed","template":"","meta":{"_et_pb_use_builder":"on","_et_pb_old_content":"<!-- wp:heading {\"level\":4} -->\n<h4>Salud y Ley:  Tratamos todas las especialidades M\u00e9dicas<br><\/h4>\n<!-- \/wp:heading -->\n\n<!-- wp:gallery {\"ids\":[88]} -->\n<ul class=\"wp-block-gallery columns-1 is-cropped\"><li class=\"blocks-gallery-item\"><figure><img src=\"http:\/\/saludyley.com\/wp-content\/uploads\/2019\/07\/business-15.jpg\" alt=\"\" data-id=\"88\" data-link=\"http:\/\/saludyley.com\/business-15\/\" class=\"wp-image-88\"\/><\/figure><\/li><\/ul>\n<!-- \/wp:gallery -->","_et_gb_content_width":"","footnotes":""},"class_list":["post-120010","page","type-page","status-publish","hentry"],"yoast_head":"<!-- This site is optimized with the Yoast SEO plugin v16.1.1 - https:\/\/yoast.com\/wordpress\/plugins\/seo\/ -->\n<title>Inicio - Salud y Ley<\/title>\n<link rel=\"canonical\" href=\"https:\/\/saludyley.com\/\" \/>\n<meta property=\"og:locale\" content=\"es_ES\" \/>\n<meta property=\"og:type\" content=\"article\" \/>\n<meta property=\"og:title\" content=\"Inicio - Salud y Ley\" \/>\n<meta property=\"og:description\" content=\"[et_pb_section fb_built=\u00bb1&#8243; fullwidth=\u00bbon\u00bb admin_label=\u00bbHero\u00bb _builder_version=\u00bb4.9.0&#8243; background_image=\u00bbhttps:\/\/saludyley.com\/wp-content\/uploads\/2021\/02\/medico-malapraxis-abogado.jpg\u00bb background_size=\u00bbcontain\u00bb][et_pb_fullwidth_header title=\u00bbSalud y Ley\u00a0 \u00a0 \u00a0 \u00a0\u00a0\u00bb subhead=\u00bbM\u00e9dico &#038; Abogado | Especialistas en Negligencias | Valoraciones y Peritajes Judiciales\u00a0\u00bb button_one_text=\u00bbReserva tu consulta gratis\u00bb button_one_url=\u00bbhttps:\/\/saludyley.com\/index.php\/contacto\u00bb button_two_text=\u00bbSobre nosotros\u00bb button_two_url=\u00bbhttps:\/\/saludyley.com\/index.php\/negligencias-medicas\u00bb content_max_width=\u00bb700px\u00bb _builder_version=\u00bb4.9.0&#8243; title_font=\u00bbPlayfair Display|700|||||||\u00bb title_font_size=\u00bb70px\u00bb title_line_height=\u00bb1.5em\u00bb content_font=\u00bb||||||||\u00bb content_font_size=\u00bb20px\u00bb content_line_height=\u00bb1.8em\u00bb subhead_font=\u00bbLato|700|||||||\u00bb subhead_font_size=\u00bb30px\u00bb subhead_line_height=\u00bb1.8em\u00bb background_color=\u00bbrgba(0,0,0,0)\u00bb use_background_color_gradient=\u00bbon\u00bb background_color_gradient_start=\u00bbrgba(53,80,160,0.27)\u00bb background_color_gradient_end=\u00bb#3550a0&#8243; background_color_gradient_direction=\u00bb220deg\u00bb background_color_gradient_overlays_image=\u00bbon\u00bb custom_button_one=\u00bbon\u00bb button_one_text_size=\u00bb16px\u00bb button_one_text_color=\u00bb#3550a0&#8243; button_one_bg_color=\u00bb#ffffff\u00bb [&hellip;]\" \/>\n<meta property=\"og:url\" content=\"https:\/\/saludyley.com\/\" \/>\n<meta property=\"og:site_name\" content=\"Salud y Ley\" \/>\n<meta property=\"article:modified_time\" content=\"2021-02-24T22:19:05+00:00\" \/>\n<meta name=\"twitter:card\" content=\"summary_large_image\" \/>\n<meta name=\"twitter:label1\" content=\"Tiempo de lectura\">\n\t<meta name=\"twitter:data1\" content=\"6 minutos\">\n<script type=\"application\/ld+json\" class=\"yoast-schema-graph\">{\"@context\":\"https:\/\/schema.org\",\"@graph\":[{\"@type\":\"Organization\",\"@id\":\"https:\/\/saludyley.com\/#organization\",\"name\":\"Salud y Ley SL\",\"url\":\"https:\/\/saludyley.com\/\",\"sameAs\":[],\"logo\":{\"@type\":\"ImageObject\",\"@id\":\"https:\/\/saludyley.com\/#logo\",\"inLanguage\":\"es\",\"url\":\"https:\/\/saludyley.com\/wp-content\/uploads\/2019\/07\/tarj-dr-santos-2019-A.jpg\",\"contentUrl\":\"https:\/\/saludyley.com\/wp-content\/uploads\/2019\/07\/tarj-dr-santos-2019-A.jpg\",\"width\":1075,\"height\":709,\"caption\":\"Salud y Ley SL\"},\"image\":{\"@id\":\"https:\/\/saludyley.com\/#logo\"}},{\"@type\":\"WebSite\",\"@id\":\"https:\/\/saludyley.com\/#website\",\"url\":\"https:\/\/saludyley.com\/\",\"name\":\"Salud y Ley\",\"description\":\"Negligencias M\\u00e9dicas\",\"publisher\":{\"@id\":\"https:\/\/saludyley.com\/#organization\"},\"potentialAction\":[{\"@type\":\"SearchAction\",\"target\":\"https:\/\/saludyley.com\/?s={search_term_string}\",\"query-input\":\"required name=search_term_string\"}],\"inLanguage\":\"es\"},{\"@type\":\"WebPage\",\"@id\":\"https:\/\/saludyley.com\/#webpage\",\"url\":\"https:\/\/saludyley.com\/\",\"name\":\"Inicio - Salud y Ley\",\"isPartOf\":{\"@id\":\"https:\/\/saludyley.com\/#website\"},\"datePublished\":\"2019-07-18T11:16:31+00:00\",\"dateModified\":\"2021-02-24T22:19:05+00:00\",\"breadcrumb\":{\"@id\":\"https:\/\/saludyley.com\/#breadcrumb\"},\"inLanguage\":\"es\",\"potentialAction\":[{\"@type\":\"ReadAction\",\"target\":[\"https:\/\/saludyley.com\/\"]}]},{\"@type\":\"BreadcrumbList\",\"@id\":\"https:\/\/saludyley.com\/#breadcrumb\",\"itemListElement\":[{\"@type\":\"ListItem\",\"position\":1,\"item\":{\"@type\":\"WebPage\",\"@id\":\"https:\/\/saludyley.com\/\",\"url\":\"https:\/\/saludyley.com\/\",\"name\":\"Portada\"}},{\"@type\":\"ListItem\",\"position\":2,\"item\":{\"@type\":\"WebPage\",\"@id\":\"https:\/\/saludyley.com\/\",\"url\":\"https:\/\/saludyley.com\/\",\"name\":\"Inicio\"}}]}]}<\/script>\n<!-- \/ Yoast SEO plugin. -->","_links":{"self":[{"href":"https:\/\/saludyley.com\/index.php\/wp-json\/wp\/v2\/pages\/120010","targetHints":{"allow":["GET"]}}],"collection":[{"href":"https:\/\/saludyley.com\/index.php\/wp-json\/wp\/v2\/pages"}],"about":[{"href":"https:\/\/saludyley.com\/index.php\/wp-json\/wp\/v2\/types\/page"}],"author":[{"embeddable":true,"href":"https:\/\/saludyley.com\/index.php\/wp-json\/wp\/v2\/users\/1"}],"replies":[{"embeddable":true,"href":"https:\/\/saludyley.com\/index.php\/wp-json\/wp\/v2\/comments?post=120010"}],"version-history":[{"count":31,"href":"https:\/\/saludyley.com\/index.php\/wp-json\/wp\/v2\/pages\/120010\/revisions"}],"predecessor-version":[{"id":120641,"href":"https:\/\/saludyley.com\/index.php\/wp-json\/wp\/v2\/pages\/120010\/revisions\/120641"}],"wp:attachment":[{"href":"https:\/\/saludyley.com\/index.php\/wp-json\/wp\/v2\/media?parent=120010"}],"curies":[{"name":"wp","href":"https:\/\/api.w.org\/{rel}","templated":true}]}}